{"id":1224,"date":"2023-10-24T11:08:48","date_gmt":"2023-10-24T11:08:48","guid":{"rendered":"http:\/\/localhost\/primariapatrauti\/?page_id=1224"},"modified":"2023-10-24T11:38:41","modified_gmt":"2023-10-24T11:38:41","slug":"galerie-foto","status":"publish","type":"page","link":"https:\/\/site.vechi.primariapatrautisv.ro\/?page_id=1224","title":{"rendered":"Galerie foto"},"content":{"rendered":"\t\t<div data-elementor-type=\"wp-page\" data-elementor-id=\"1224\" class=\"elementor elementor-1224\">\n\t\t\t\t<div class=\"elementor-element elementor-element-6f170f1 e-flex e-con-boxed e-con e-parent\" data-id=\"6f170f1\" data-element_type=\"container\">\n\t\t\t\t\t<div class=\"e-con-inner\">\n\t\t\t\t<div class=\"elementor-element elementor-element-57a3459 elementor-widget elementor-widget-heading\" data-id=\"57a3459\" data-element_type=\"widget\" data-widget_type=\"heading.default\">\n\t\t\t\t<div class=\"elementor-widget-container\">\n\t\t\t\t\t<h4 class=\"elementor-heading-title elementor-size-default\">Galerie foto<\/h4>\t\t\t\t<\/div>\n\t\t\t\t<\/div>\n\t\t\t\t<div class=\"elementor-element elementor-element-497ae22 elementor-widget-divider--view-line elementor-widget elementor-widget-divider\" data-id=\"497ae22\" data-element_type=\"widget\" data-widget_type=\"divider.default\">\n\t\t\t\t<div class=\"elementor-widget-container\">\n\t\t\t\t\t\t\t<div class=\"elementor-divider\">\n\t\t\t<span class=\"elementor-divider-separator\">\n\t\t\t\t\t\t<\/span>\n\t\t<\/div>\n\t\t\t\t\t\t<\/div>\n\t\t\t\t<\/div>\n\t\t\t\t<div class=\"elementor-element elementor-element-fb7fc00 elementor-widget elementor-widget-image-gallery\" data-id=\"fb7fc00\" data-element_type=\"widget\" data-widget_type=\"image-gallery.default\">\n\t\t\t\t<div class=\"elementor-widget-container\">\n\t\t\t\t\t\t\t<div class=\"elementor-image-gallery\">\n\t\t\t<div id='gallery-1' class='gallery galleryid-1224 gallery-columns-3 gallery-size-medium'><figure class='gallery-item'>\n\t\t\t<div class='gallery-icon landscape'>\n\t\t\t\t<a data-elementor-open-lightbox=\"yes\" data-elementor-lightbox-slideshow=\"fb7fc00\" data-elementor-lightbox-title=\"Prim\u0103rie Comuna P\u0103tr\u0103u\u021bi\" data-e-action-hash=\"#elementor-action%3Aaction%3Dlightbox%26settings%3DeyJpZCI6ODAzLCJ1cmwiOiJodHRwczpcL1wvc2l0ZS52ZWNoaS5wcmltYXJpYXBhdHJhdXRpc3Yucm9cL3dwLWNvbnRlbnRcL3VwbG9hZHNcLzIwMjNcLzEwXC9wYXRyYXV0aTEuanBnIiwic2xpZGVzaG93IjoiZmI3ZmMwMCJ9\" href='https:\/\/site.vechi.primariapatrautisv.ro\/wp-content\/uploads\/2023\/10\/patrauti1.jpg'><img decoding=\"async\" width=\"300\" height=\"145\" src=\"https:\/\/site.vechi.primariapatrautisv.ro\/wp-content\/uploads\/2023\/10\/patrauti1.jpg\" class=\"attachment-medium size-medium\" alt=\"\" aria-describedby=\"gallery-1-803\" \/><\/a>\n\t\t\t<\/div>\n\t\t\t\t<figcaption class='wp-caption-text gallery-caption' id='gallery-1-803'>\n\t\t\t\tPrimaria P\u0103tr\u0103u\u021bi\n\t\t\t\t<\/figcaption><\/figure><figure class='gallery-item'>\n\t\t\t<div class='gallery-icon landscape'>\n\t\t\t\t<a data-elementor-open-lightbox=\"yes\" data-elementor-lightbox-slideshow=\"fb7fc00\" data-elementor-lightbox-title=\"Comuna P\u0103tr\u0103u\u021bi\" data-e-action-hash=\"#elementor-action%3Aaction%3Dlightbox%26settings%3DeyJpZCI6MTIyOSwidXJsIjoiaHR0cHM6XC9cL3NpdGUudmVjaGkucHJpbWFyaWFwYXRyYXV0aXN2LnJvXC93cC1jb250ZW50XC91cGxvYWRzXC8yMDIzXC8xMFwvcGF0cmF1dGk5LmpwZyIsInNsaWRlc2hvdyI6ImZiN2ZjMDAifQ%3D%3D\" href='https:\/\/site.vechi.primariapatrautisv.ro\/wp-content\/uploads\/2023\/10\/patrauti9.jpg'><img decoding=\"async\" width=\"300\" height=\"145\" src=\"https:\/\/site.vechi.primariapatrautisv.ro\/wp-content\/uploads\/2023\/10\/patrauti9.jpg\" class=\"attachment-medium size-medium\" alt=\"\" aria-describedby=\"gallery-1-1229\" \/><\/a>\n\t\t\t<\/div>\n\t\t\t\t<figcaption class='wp-caption-text gallery-caption' id='gallery-1-1229'>\n\t\t\t\tBiserica Baptist\u0103 P\u0103tr\u0103u\u021bi\n\t\t\t\t<\/figcaption><\/figure><figure class='gallery-item'>\n\t\t\t<div class='gallery-icon landscape'>\n\t\t\t\t<a data-elementor-open-lightbox=\"yes\" data-elementor-lightbox-slideshow=\"fb7fc00\" data-elementor-lightbox-title=\"Comuna P\u0103tr\u0103u\u021bi\" data-e-action-hash=\"#elementor-action%3Aaction%3Dlightbox%26settings%3DeyJpZCI6MTIzMCwidXJsIjoiaHR0cHM6XC9cL3NpdGUudmVjaGkucHJpbWFyaWFwYXRyYXV0aXN2LnJvXC93cC1jb250ZW50XC91cGxvYWRzXC8yMDIzXC8xMFwvcGF0cmF1dGk0LmpwZyIsInNsaWRlc2hvdyI6ImZiN2ZjMDAifQ%3D%3D\" href='https:\/\/site.vechi.primariapatrautisv.ro\/wp-content\/uploads\/2023\/10\/patrauti4.jpg'><img decoding=\"async\" width=\"300\" height=\"145\" src=\"https:\/\/site.vechi.primariapatrautisv.ro\/wp-content\/uploads\/2023\/10\/patrauti4.jpg\" class=\"attachment-medium size-medium\" alt=\"\" aria-describedby=\"gallery-1-1230\" \/><\/a>\n\t\t\t<\/div>\n\t\t\t\t<figcaption class='wp-caption-text gallery-caption' id='gallery-1-1230'>\n\t\t\t\tBiserica P\u0103tr\u0103u\u021bi\n\t\t\t\t<\/figcaption><\/figure><figure class='gallery-item'>\n\t\t\t<div class='gallery-icon landscape'>\n\t\t\t\t<a data-elementor-open-lightbox=\"yes\" data-elementor-lightbox-slideshow=\"fb7fc00\" data-elementor-lightbox-title=\"Comuna P\u0103tr\u0103u\u021bi\" data-e-action-hash=\"#elementor-action%3Aaction%3Dlightbox%26settings%3DeyJpZCI6MTIzMSwidXJsIjoiaHR0cHM6XC9cL3NpdGUudmVjaGkucHJpbWFyaWFwYXRyYXV0aXN2LnJvXC93cC1jb250ZW50XC91cGxvYWRzXC8yMDIzXC8xMFwvcGF0cmF1dGk3LmpwZyIsInNsaWRlc2hvdyI6ImZiN2ZjMDAifQ%3D%3D\" href='https:\/\/site.vechi.primariapatrautisv.ro\/wp-content\/uploads\/2023\/10\/patrauti7.jpg'><img loading=\"lazy\" decoding=\"async\" width=\"300\" height=\"145\" src=\"https:\/\/site.vechi.primariapatrautisv.ro\/wp-content\/uploads\/2023\/10\/patrauti7.jpg\" class=\"attachment-medium size-medium\" alt=\"\" aria-describedby=\"gallery-1-1231\" \/><\/a>\n\t\t\t<\/div>\n\t\t\t\t<figcaption class='wp-caption-text gallery-caption' id='gallery-1-1231'>\n\t\t\t\tDragomirna-P\u0103tr\u0103u\u021bi\n\t\t\t\t<\/figcaption><\/figure><figure class='gallery-item'>\n\t\t\t<div class='gallery-icon landscape'>\n\t\t\t\t<a data-elementor-open-lightbox=\"yes\" data-elementor-lightbox-slideshow=\"fb7fc00\" data-elementor-lightbox-title=\"Comuna P\u0103tr\u0103u\u021bi\" data-e-action-hash=\"#elementor-action%3Aaction%3Dlightbox%26settings%3DeyJpZCI6MTIzMiwidXJsIjoiaHR0cHM6XC9cL3NpdGUudmVjaGkucHJpbWFyaWFwYXRyYXV0aXN2LnJvXC93cC1jb250ZW50XC91cGxvYWRzXC8yMDIzXC8xMFwvcGF0cmF1dGk4LmpwZyIsInNsaWRlc2hvdyI6ImZiN2ZjMDAifQ%3D%3D\" href='https:\/\/site.vechi.primariapatrautisv.ro\/wp-content\/uploads\/2023\/10\/patrauti8.jpg'><img loading=\"lazy\" decoding=\"async\" width=\"300\" height=\"145\" src=\"https:\/\/site.vechi.primariapatrautisv.ro\/wp-content\/uploads\/2023\/10\/patrauti8.jpg\" class=\"attachment-medium size-medium\" alt=\"\" aria-describedby=\"gallery-1-1232\" \/><\/a>\n\t\t\t<\/div>\n\t\t\t\t<figcaption class='wp-caption-text gallery-caption' id='gallery-1-1232'>\n\t\t\t\tBiserica P\u0103tr\u0103u\u021bi\n\t\t\t\t<\/figcaption><\/figure><figure class='gallery-item'>\n\t\t\t<div class='gallery-icon landscape'>\n\t\t\t\t<a data-elementor-open-lightbox=\"yes\" data-elementor-lightbox-slideshow=\"fb7fc00\" data-elementor-lightbox-title=\"\u0218coala Constantin Morariu\" data-e-action-hash=\"#elementor-action%3Aaction%3Dlightbox%26settings%3DeyJpZCI6MTIzMywidXJsIjoiaHR0cHM6XC9cL3NpdGUudmVjaGkucHJpbWFyaWFwYXRyYXV0aXN2LnJvXC93cC1jb250ZW50XC91cGxvYWRzXC8yMDIzXC8xMFwvUG96YV9zY29hbGFfQ29uc3RhbnRpbk1vcmFyaXUtNDAwMHgxNTAwLTEucG5nIiwic2xpZGVzaG93IjoiZmI3ZmMwMCJ9\" href='https:\/\/site.vechi.primariapatrautisv.ro\/wp-content\/uploads\/2023\/10\/Poza_scoala_ConstantinMorariu-4000x1500-1.png'><img loading=\"lazy\" decoding=\"async\" width=\"300\" height=\"117\" src=\"https:\/\/site.vechi.primariapatrautisv.ro\/wp-content\/uploads\/2023\/10\/Poza_scoala_ConstantinMorariu-4000x1500-1.png\" class=\"attachment-medium size-medium\" alt=\"\" aria-describedby=\"gallery-1-1233\" \/><\/a>\n\t\t\t<\/div>\n\t\t\t\t<figcaption class='wp-caption-text gallery-caption' id='gallery-1-1233'>\n\t\t\t\t\u0218coala P\u0103tr\u0103u\u021bi\n\t\t\t\t<\/figcaption><\/figure><figure class='gallery-item'>\n\t\t\t<div class='gallery-icon landscape'>\n\t\t\t\t<a data-elementor-open-lightbox=\"yes\" data-elementor-lightbox-slideshow=\"fb7fc00\" data-elementor-lightbox-title=\"Biserica \u00cen\u0103l\u021barea Sfintei Cruci din P\u0103tr\u0103u\u021bi\" data-e-action-hash=\"#elementor-action%3Aaction%3Dlightbox%26settings%3DeyJpZCI6MTIzNCwidXJsIjoiaHR0cHM6XC9cL3NpdGUudmVjaGkucHJpbWFyaWFwYXRyYXV0aXN2LnJvXC93cC1jb250ZW50XC91cGxvYWRzXC8yMDIzXC8xMFwvQmlzZXJpY2EtSW5hbHRhcmVhLVNmaW50ZWktQ3J1Y2ktZGluLVBhdHJhdXRpLTEuanBnIiwic2xpZGVzaG93IjoiZmI3ZmMwMCJ9\" href='https:\/\/site.vechi.primariapatrautisv.ro\/wp-content\/uploads\/2023\/10\/Biserica-Inaltarea-Sfintei-Cruci-din-Patrauti-1.jpg'><img loading=\"lazy\" decoding=\"async\" width=\"300\" height=\"144\" src=\"https:\/\/site.vechi.primariapatrautisv.ro\/wp-content\/uploads\/2023\/10\/Biserica-Inaltarea-Sfintei-Cruci-din-Patrauti-1.jpg\" class=\"attachment-medium size-medium\" alt=\"\" aria-describedby=\"gallery-1-1234\" \/><\/a>\n\t\t\t<\/div>\n\t\t\t\t<figcaption class='wp-caption-text gallery-caption' id='gallery-1-1234'>\n\t\t\t\tBiserica P\u0103tr\u0103u\u021bi\n\t\t\t\t<\/figcaption><\/figure><figure class='gallery-item'>\n\t\t\t<div class='gallery-icon landscape'>\n\t\t\t\t<a data-elementor-open-lightbox=\"yes\" data-elementor-lightbox-slideshow=\"fb7fc00\" data-elementor-lightbox-title=\"Comuna P\u0103tr\u0103u\u021bi\" data-e-action-hash=\"#elementor-action%3Aaction%3Dlightbox%26settings%3DeyJpZCI6MTI0NiwidXJsIjoiaHR0cHM6XC9cL3NpdGUudmVjaGkucHJpbWFyaWFwYXRyYXV0aXN2LnJvXC93cC1jb250ZW50XC91cGxvYWRzXC8yMDIzXC8xMFwvcGF0cmF1dGk1LmpwZyIsInNsaWRlc2hvdyI6ImZiN2ZjMDAifQ%3D%3D\" href='https:\/\/site.vechi.primariapatrautisv.ro\/wp-content\/uploads\/2023\/10\/patrauti5.jpg'><img loading=\"lazy\" decoding=\"async\" width=\"300\" height=\"145\" src=\"https:\/\/site.vechi.primariapatrautisv.ro\/wp-content\/uploads\/2023\/10\/patrauti5.jpg\" class=\"attachment-medium size-medium\" alt=\"\" aria-describedby=\"gallery-1-1246\" \/><\/a>\n\t\t\t<\/div>\n\t\t\t\t<figcaption class='wp-caption-text gallery-caption' id='gallery-1-1246'>\n\t\t\t\tPoli\u021bie P\u0103tr\u0103u\u021bi\n\t\t\t\t<\/figcaption><\/figure>\n\t\t<\/div>\n\t\t<\/div>\n\t\t\t\t\t\t<\/div>\n\t\t\t\t<\/div>\n\t\t\t\t<div class=\"elementor-element elementor-element-d8f6e14 elementor-widget elementor-widget-spacer\" data-id=\"d8f6e14\" data-element_type=\"widget\" data-widget_type=\"spacer.default\">\n\t\t\t\t<div class=\"elementor-widget-container\">\n\t\t\t\t\t\t\t<div class=\"elementor-spacer\">\n\t\t\t<div class=\"elementor-spacer-inner\"><\/div>\n\t\t<\/div>\n\t\t\t\t\t\t<\/div>\n\t\t\t\t<\/div>\n\t\t\t\t\t<\/div>\n\t\t\t\t<\/div>\n\t\t<div class=\"elementor-element elementor-element-2e0eab9 e-flex e-con-boxed e-con e-parent\" data-id=\"2e0eab9\" data-element_type=\"container\">\n\t\t\t\t\t<div class=\"e-con-inner\">\n\t\t\t\t\t<\/div>\n\t\t\t\t<\/div>\n\t\t\t\t<\/div>\n\t\t","protected":false},"excerpt":{"rendered":"<p>Galerie foto Primaria P\u0103tr\u0103u\u021bi Biserica Baptist\u0103 P\u0103tr\u0103u\u021bi Biserica P\u0103tr\u0103u\u021bi Dragomirna-P\u0103tr\u0103u\u021bi Biserica P\u0103tr\u0103u\u021bi \u0218coala P\u0103tr\u0103u\u021bi Biserica P\u0103tr\u0103u\u021bi Parc P\u0103tr\u0103ui\u021bi Poli\u021bie P\u0103tr\u0103u\u021bi<\/p>\n","protected":false},"author":1,"featured_media":0,"parent":0,"menu_order":0,"comment_status":"closed","ping_status":"closed","template":"","meta":{"site-sidebar-layout":"no-sidebar","site-content-layout":"page-builder","ast-site-content-layout":"full-width-container","site-content-style":"default","site-sidebar-style":"default","ast-global-header-display":"","ast-banner-title-visibility":"","ast-main-header-display":"","ast-hfb-above-header-display":"","ast-hfb-below-header-display":"","ast-hfb-mobile-header-display":"","site-post-title":"disabled","ast-breadcrumbs-content":"","ast-featured-img":"disabled","footer-sml-layout":"","theme-transparent-header-meta":"","adv-header-id-meta":"","stick-header-meta":"","header-above-stick-meta":"","header-main-stick-meta":"","header-below-stick-meta":"","astra-migrate-meta-layouts":"set","footnotes":""},"class_list":["post-1224","page","type-page","status-publish","hentry"],"_links":{"self":[{"href":"https:\/\/site.vechi.primariapatrautisv.ro\/index.php?rest_route=\/wp\/v2\/pages\/1224","targetHints":{"allow":["GET"]}}],"collection":[{"href":"https:\/\/site.vechi.primariapatrautisv.ro\/index.php?rest_route=\/wp\/v2\/pages"}],"about":[{"href":"https:\/\/site.vechi.primariapatrautisv.ro\/index.php?rest_route=\/wp\/v2\/types\/page"}],"author":[{"embeddable":true,"href":"https:\/\/site.vechi.primariapatrautisv.ro\/index.php?rest_route=\/wp\/v2\/users\/1"}],"replies":[{"embeddable":true,"href":"https:\/\/site.vechi.primariapatrautisv.ro\/index.php?rest_route=%2Fwp%2Fv2%2Fcomments&post=1224"}],"version-history":[{"count":40,"href":"https:\/\/site.vechi.primariapatrautisv.ro\/index.php?rest_route=\/wp\/v2\/pages\/1224\/revisions"}],"predecessor-version":[{"id":1281,"href":"https:\/\/site.vechi.primariapatrautisv.ro\/index.php?rest_route=\/wp\/v2\/pages\/1224\/revisions\/1281"}],"wp:attachment":[{"href":"https:\/\/site.vechi.primariapatrautisv.ro\/index.php?rest_route=%2Fwp%2Fv2%2Fmedia&parent=1224"}],"curies":[{"name":"wp","href":"https:\/\/api.w.org\/{rel}","templated":true}]}}