{"id":1060,"date":"2023-10-12T12:52:59","date_gmt":"2023-10-12T12:52:59","guid":{"rendered":"http:\/\/localhost\/primariapatrauti\/?page_id=1060"},"modified":"2024-11-12T10:17:57","modified_gmt":"2024-11-12T10:17:57","slug":"componenta-consiliu","status":"publish","type":"page","link":"https:\/\/site.vechi.primariapatrautisv.ro\/?page_id=1060","title":{"rendered":"Componen\u021b\u0103 consiliu"},"content":{"rendered":"\t\t<div data-elementor-type=\"wp-page\" data-elementor-id=\"1060\" class=\"elementor elementor-1060\">\n\t\t\t\t<div class=\"elementor-element elementor-element-0de946c e-flex e-con-boxed e-con e-parent\" data-id=\"0de946c\" data-element_type=\"container\">\n\t\t\t\t\t<div class=\"e-con-inner\">\n\t\t\t\t<div class=\"elementor-element elementor-element-742a43e elementor-widget elementor-widget-heading\" data-id=\"742a43e\" data-element_type=\"widget\" data-widget_type=\"heading.default\">\n\t\t\t\t<div class=\"elementor-widget-container\">\n\t\t\t\t\t<h3 class=\"elementor-heading-title elementor-size-default\">Consilieri  Locali  2024-2028<\/h3>\t\t\t\t<\/div>\n\t\t\t\t<\/div>\n\t\t\t\t<div class=\"elementor-element elementor-element-97ff141 elementor-widget-divider--view-line elementor-widget elementor-widget-divider\" data-id=\"97ff141\" data-element_type=\"widget\" data-widget_type=\"divider.default\">\n\t\t\t\t<div class=\"elementor-widget-container\">\n\t\t\t\t\t\t\t<div class=\"elementor-divider\">\n\t\t\t<span class=\"elementor-divider-separator\">\n\t\t\t\t\t\t<\/span>\n\t\t<\/div>\n\t\t\t\t\t\t<\/div>\n\t\t\t\t<\/div>\n\t\t\t\t\t<\/div>\n\t\t\t\t<\/div>\n\t\t<div class=\"elementor-element elementor-element-b4a1349 e-flex e-con-boxed e-con e-parent\" data-id=\"b4a1349\" data-element_type=\"container\">\n\t\t\t\t\t<div class=\"e-con-inner\">\n\t\t\t\t<div class=\"elementor-element elementor-element-3e19454 elementor-widget elementor-widget-html\" data-id=\"3e19454\" data-element_type=\"widget\" data-widget_type=\"html.default\">\n\t\t\t\t<div class=\"elementor-widget-container\">\n\t\t\t\t\t  <table class=\"table\">\r\n    <thead>\r\n        <tr>\r\n            <th class=\"col-md-1 col-xs-1 text-center\">Nr Crt<\/th>\r\n            <th class=\"col-md-5 col-xs-5 text-center\">Numele, ini\u021biala tat\u0103lui \u0219i prenumele alesului local<\/th>\r\n            <th class=\"col-md-4 col-xs-4 text-center\">Func\u021bia<\/th>\r\n            <th class=\"col-md-4 col-xs-4 text-center\">Apartenenta politica<\/th>\r\n\r\n        <\/tr>\r\n        <\/thead>\r\n        <tbody>\r\n        <tr>\r\n            <th class=\"text-center\">1<\/th>\r\n            <td>BATINA\u0218 VASILE-FLORIN <\/td>\r\n            <td>Consilier Local<\/td>\r\n            <td rowspan=\"10\" style=\"padding-top: 120px !important;\">PSD<\/td>\r\n\r\n        <\/tr>\r\n        <tr>\r\n            <th class=\"text-center\">2<\/th>\r\n            <td>BURDUJA CRISTIAN<\/td>\r\n            <td>Consilier Local<\/td>\r\n        <\/tr>\r\n        <tr>\r\n            <th class=\"text-center\">3<\/th>\r\n            <td>BUDEANU CORINA- ADRIANA<\/td>\r\n            <td>Consilier Local<\/td>\r\n        <\/tr>\r\n\r\n        <tr>\r\n            <th class=\"text-center\">4<\/th>\r\n            <td>CERVINSCHI DANIEL<\/td>\r\n            <td>Consilier Local<\/td>\r\n        <\/tr>\r\n        <tr>\r\n            <th class=\"text-center\">5<\/th>\r\n            <td>GRECIUC TOADER - CORNEL<\/td>\r\n            <td>Consilier Local<\/td>\r\n        <\/tr>\r\n        <tr>\r\n            <th class=\"text-center\">6<\/th>\r\n            <td>ISTRATE ANCA - OFELIA<\/td>\r\n            <td>Consilier Local<\/td>\r\n        <\/tr>\r\n        <tr>\r\n            <th class=\"text-center\">7<\/th>\r\n            <td>JURESCHI DRAGO\u0218 - IOAN<\/td>\r\n            <td>Consilier Local<\/td>\r\n        <\/tr>\r\n        <tr>\r\n            <th class=\"text-center\">8<\/th>\r\n            <td>TANAS\u0102 IOSIF-R\u0102ZVAN<\/td>\r\n            <td>Consilier Local<\/td>\r\n        <\/tr>\r\n        <tr>\r\n            <th class=\"text-center\">9<\/th>\r\n            <td>VARA\u0218CIUC DAN<\/td>\r\n            <td>Consilier Local<\/td>\r\n        <\/tr>\r\n        <tr>\r\n            <th class=\"text-center\">10<\/th>\r\n            <td>LU\u021aAC DOREL<\/td>\r\n            <td>Consilier Local<\/td>\r\n        <\/tr>\r\n        <tr>\r\n            <th class=\"text-center\">11<\/th>\r\n            <td>JURESCHI RADU - IOAN<\/td>\r\n            <td>Consilier Local<\/td>\r\n            <td rowspan=\"3\" style=\"   padding-top: 120px !important;\">PNL<\/td>\r\n        <\/tr>\r\n        <tr>\r\n            <th class=\"text-center\">12<\/th>\r\n            <td>RU\u0218TI LUCIAN - VASILE<\/td>\r\n            <td>Consilier Local<\/td>\r\n        <\/tr>\r\n        <tr>\r\n            <th class=\"text-center\">13<\/th>\r\n            <td>SOLONAR GHEORGHI\u021a\u0102-C\u0102T\u0102LIN<\/td>\r\n            <td>Consilier Local<\/td>\r\n        <\/tr>\r\n        <tr>\r\n            <th class=\"text-center\">14<\/th>\r\n            <td>PUIU DUMITRU<\/td>\r\n            <td>Consilier Local<\/td>\r\n            <td>AUR<\/td>\r\n        <\/tr>\r\n        <tr>\r\n            <th class=\"text-center\">15<\/th>\r\n            <td>R\u0102SCOL VASILE<\/td>\r\n            <td>Consilier Local<\/td>\r\n            <td>PRO-EUROPA<\/td>\r\n        <\/tr>\r\n    <\/tbody>\r\n<\/table>\t\t\t\t<\/div>\n\t\t\t\t<\/div>\n\t\t\t\t\t<\/div>\n\t\t\t\t<\/div>\n\t\t\t\t<\/div>\n\t\t","protected":false},"excerpt":{"rendered":"<p>Consilieri Locali 2024-2028 Nr Crt Numele, ini\u021biala tat\u0103lui \u0219i prenumele alesului local Func\u021bia Apartenenta politica 1 BATINA\u0218 VASILE-FLORIN Consilier Local PSD 2 BURDUJA CRISTIAN Consilier Local 3 BUDEANU CORINA- ADRIANA Consilier Local 4 CERVINSCHI DANIEL Consilier Local 5 GRECIUC TOADER &#8211; CORNEL Consilier Local 6 ISTRATE ANCA &#8211; OFELIA Consilier Local 7 JURESCHI DRAGO\u0218 &#8211; &hellip;<\/p>\n<p class=\"read-more\"> <a class=\"\" href=\"https:\/\/site.vechi.primariapatrautisv.ro\/?page_id=1060\"> <span class=\"screen-reader-text\">Componen\u021b\u0103 consiliu<\/span> Read More &raquo;<\/a><\/p>\n","protected":false},"author":1,"featured_media":0,"parent":0,"menu_order":0,"comment_status":"closed","ping_status":"closed","template":"","meta":{"site-sidebar-layout":"no-sidebar","site-content-layout":"page-builder","ast-site-content-layout":"full-width-container","site-content-style":"default","site-sidebar-style":"default","ast-global-header-display":"","ast-banner-title-visibility":"","ast-main-header-display":"","ast-hfb-above-header-display":"","ast-hfb-below-header-display":"","ast-hfb-mobile-header-display":"","site-post-title":"disabled","ast-breadcrumbs-content":"","ast-featured-img":"disabled","footer-sml-layout":"","theme-transparent-header-meta":"","adv-header-id-meta":"","stick-header-meta":"","header-above-stick-meta":"","header-main-stick-meta":"","header-below-stick-meta":"","astra-migrate-meta-layouts":"set","footnotes":""},"class_list":["post-1060","page","type-page","status-publish","hentry"],"_links":{"self":[{"href":"https:\/\/site.vechi.primariapatrautisv.ro\/index.php?rest_route=\/wp\/v2\/pages\/1060","targetHints":{"allow":["GET"]}}],"collection":[{"href":"https:\/\/site.vechi.primariapatrautisv.ro\/index.php?rest_route=\/wp\/v2\/pages"}],"about":[{"href":"https:\/\/site.vechi.primariapatrautisv.ro\/index.php?rest_route=\/wp\/v2\/types\/page"}],"author":[{"embeddable":true,"href":"https:\/\/site.vechi.primariapatrautisv.ro\/index.php?rest_route=\/wp\/v2\/users\/1"}],"replies":[{"embeddable":true,"href":"https:\/\/site.vechi.primariapatrautisv.ro\/index.php?rest_route=%2Fwp%2Fv2%2Fcomments&post=1060"}],"version-history":[{"count":22,"href":"https:\/\/site.vechi.primariapatrautisv.ro\/index.php?rest_route=\/wp\/v2\/pages\/1060\/revisions"}],"predecessor-version":[{"id":1778,"href":"https:\/\/site.vechi.primariapatrautisv.ro\/index.php?rest_route=\/wp\/v2\/pages\/1060\/revisions\/1778"}],"wp:attachment":[{"href":"https:\/\/site.vechi.primariapatrautisv.ro\/index.php?rest_route=%2Fwp%2Fv2%2Fmedia&parent=1060"}],"curies":[{"name":"wp","href":"https:\/\/api.w.org\/{rel}","templated":true}]}}